{"id":774,"date":"2019-05-29T14:10:37","date_gmt":"2019-05-29T14:10:37","guid":{"rendered":"https:\/\/saga.ma\/?page_id=774"},"modified":"2021-01-27T09:58:15","modified_gmt":"2021-01-27T09:58:15","slug":"expertises","status":"publish","type":"page","link":"https:\/\/saga.ma\/en\/expertises\/","title":{"rendered":"Expertise"},"content":{"rendered":"<div class=\"spacer spacer-big\"><\/div><div class=\"wrapper\"><div id=\"\" class=\"column-section clearfix spaced-normal\"><div  class=\"column one-third\" >\n<p style=\"text-align: center;\"><img loading=\"lazy\" decoding=\"async\" class=\"alignnone size-full wp-image-303\" src=\"https:\/\/saga.ma\/wp-content\/uploads\/2018\/05\/conseilv2.jpg\" alt=\"\" width=\"100\" height=\"70\" \/><\/p>\n<h3 style=\"text-align: center;\">Consulting<\/h3>\n<p style=\"text-align: justify;\">Your brand has a history, a beginning and a life. Knowing how to tell the story is the starting point of your multi-channel strategy. This strategy focuses on storytelling, online and offline strategic planning, Brand platform and 360 cycle plans, all enhanced with benchmarks, market monitoring and digital listening.<\/p>\n<div class=\"spacer spacer-medium\"><\/div><div class=\"spacer spacer-small\"><\/div>\n<p style=\"text-align: center;\"><img loading=\"lazy\" decoding=\"async\" class=\"alignnone size-full wp-image-306\" src=\"https:\/\/saga.ma\/wp-content\/uploads\/2018\/05\/Sans-titre-1.jpg\" alt=\"\" width=\"100\" height=\"70\" \/><\/p>\n<h3 style=\"text-align: center;\">Shopping<br \/>\n&amp; Event Marketing<\/h3>\n<p style=\"text-align: justify;\" class=\" translation-block\">Pour la visibilit\u00e9 de votre marque, nous mettons \u00e0 votre service un m\u00e9dia d\u00e9di\u00e9 dont la mission est<br>\r\nde concevoir et d\u00e9ployer les op\u00e9rations Street, Guerilla marketing et GMS, l\u2019organisation<br>\r\nd\u2019\u00e9v\u00e9nements B2B et Corporate et activation de vos marques et produits on et offline.<\/p>\n<\/div><div  class=\"column one-third\" >\n<p style=\"text-align: center;\"><img loading=\"lazy\" decoding=\"async\" class=\"alignnone size-full wp-image-302\" src=\"https:\/\/saga.ma\/wp-content\/uploads\/2018\/05\/brandcontent-v2.jpg\" alt=\"\" width=\"100\" height=\"70\" \/><\/p>\n<h3 style=\"text-align: center;\">Brand content<\/h3>\n<p style=\"text-align: justify;\">The image has always been the most effective way to convey a message. To convey yours, we can design your visual identity and brand image, define advertising campaigns (TV, radio, digital, billboards, and cinema)<\/p>\n<div class=\"spacer spacer-medium\"><\/div><div class=\"spacer spacer-small\"><\/div>\n<p style=\"text-align: center;\"><img loading=\"lazy\" decoding=\"async\" class=\"alignnone size-full wp-image-305\" src=\"https:\/\/saga.ma\/wp-content\/uploads\/2018\/05\/rp-v2.jpg\" alt=\"\" width=\"100\" height=\"70\" \/><\/p>\n<h3 style=\"text-align: center;\">Public Relations<br \/>\nand Influencers<\/h3>\n<p style=\"text-align: justify;\">Online and offline Media as well as influencers are very high potential communication channels. Our media and influence strategy and management teams provide you with influence and media strategies specific to your needs, using the most innovative research &amp; monitoring tools.<\/p>\n<\/div><div  class=\"column one-third last-col\" >\n<p style=\"text-align: center;\"><img loading=\"lazy\" decoding=\"async\" class=\"alignnone size-full wp-image-304\" src=\"https:\/\/saga.ma\/wp-content\/uploads\/2018\/05\/media-v2.jpg\" alt=\"\" width=\"100\" height=\"70\" \/><\/p>\n<h3 style=\"text-align: center;\">Media<\/h3>\n<p style=\"text-align: justify;\">Creating a story only makes sense when someone is listening. We identify your audience, and develop the most suitable and impactful strategy. Our Media experts work everyday on building the strategy that best meets your needs.<\/p>\n<div class=\"spacer spacer-medium\"><\/div><div class=\"spacer spacer-small\"><\/div>\n<p style=\"text-align: center;\"><img loading=\"lazy\" decoding=\"async\" class=\"alignnone size-full wp-image-307\" src=\"https:\/\/saga.ma\/wp-content\/uploads\/2018\/05\/sn-v2.jpg\" alt=\"\" width=\"100\" height=\"70\" \/><\/p>\n<h3 style=\"text-align: center;\">Social media<br \/>\n&amp; Relationship Marketing<\/h3>\n<p style=\"text-align: justify;\">The future of communication is now, and the digital touchpoints are today part of the primary communication platforms. Social strategies, consumer and relationship marketing &amp; management represent a focal point in planning today, with digital creative and content development, as well as community management.<\/p>\n<\/div><\/div><\/div><div class=\"spacer spacer-big\"><\/div><div class=\"spacer spacer-big\"><\/div><div class=\"wrapper-small\"><div id=\"\" class=\"column-section clearfix spaced-normal\"><div  class=\"column one-full last-col\" >\n<h3 class=\"align-center\" style=\"text-align: center;\">Need support?<\/h3>\n<p>&nbsp;<\/p>\n<p style=\"text-align: center;\"><a href=\"https:\/\/saga.ma\/en\/contact-old\/\" class=\"sr-button style-1 button-big\" >Contact us<\/a><\/p>\n<\/div><\/div><\/div><div class=\"spacer spacer-big\"><\/div>","protected":false},"excerpt":{"rendered":"","protected":false},"author":1,"featured_media":0,"parent":0,"menu_order":0,"comment_status":"closed","ping_status":"closed","template":"","meta":{"footnotes":""},"_links":{"self":[{"href":"https:\/\/saga.ma\/en\/wp-json\/wp\/v2\/pages\/774"}],"collection":[{"href":"https:\/\/saga.ma\/en\/wp-json\/wp\/v2\/pages"}],"about":[{"href":"https:\/\/saga.ma\/en\/wp-json\/wp\/v2\/types\/page"}],"author":[{"embeddable":true,"href":"https:\/\/saga.ma\/en\/wp-json\/wp\/v2\/users\/1"}],"replies":[{"embeddable":true,"href":"https:\/\/saga.ma\/en\/wp-json\/wp\/v2\/comments?post=774"}],"version-history":[{"count":3,"href":"https:\/\/saga.ma\/en\/wp-json\/wp\/v2\/pages\/774\/revisions"}],"predecessor-version":[{"id":1342,"href":"https:\/\/saga.ma\/en\/wp-json\/wp\/v2\/pages\/774\/revisions\/1342"}],"wp:attachment":[{"href":"https:\/\/saga.ma\/en\/wp-json\/wp\/v2\/media?parent=774"}],"curies":[{"name":"wp","href":"https:\/\/api.w.org\/{rel}","templated":true}]}}