{"id":716,"date":"2019-05-20T18:33:19","date_gmt":"2019-05-20T18:33:19","guid":{"rendered":"https:\/\/saga.ma\/?page_id=716"},"modified":"2021-01-29T13:03:44","modified_gmt":"2021-01-29T13:03:44","slug":"accueil","status":"publish","type":"page","link":"https:\/\/saga.ma\/en\/","title":{"rendered":"Home"},"content":{"rendered":"<p><div id=\"portfolio-grid1\" class=\"isotope-grid isotope-not-spaced style-column-3 portfolio-animation fitrows portfolio-container\" >\n    <div class=\"isotope-item portfolio-item cat-26\">\n        <div class=\"portfolio-item-inner item-inner\">\n            <a href=\"https:\/\/saga.ma\/en\/portfolio\/partenariat-avec-el-grande-toto\/\" class=\"thumb-hover overlay-effect text-light\"  >\n                <img loading=\"lazy\" decoding=\"async\" width=\"900\" height=\"600\" src=\"https:\/\/saga.ma\/wp-content\/uploads\/2025\/02\/KIA-1-900x600.jpg\" class=\"attachment-dani-thumb-big-crop size-dani-thumb-big-crop wp-post-image\" alt=\"\" srcset=\"https:\/\/saga.ma\/wp-content\/uploads\/2025\/02\/KIA-1-900x600.jpg 900w, https:\/\/saga.ma\/wp-content\/uploads\/2025\/02\/KIA-1-420x280.jpg 420w, https:\/\/saga.ma\/wp-content\/uploads\/2025\/02\/KIA-1-600x400.jpg 600w\" sizes=\"(max-width: 900px) 100vw, 900px\" \/>                \n                                \n                                <div class=\"overlay-caption overlay-caption bottom align-left hidden caption-light\">\n                    <span class=\"caption-sub portfolio-category text-animation\">KIA<\/span>                    <h3 class=\"caption-name portfolio-name text-animation h4\">PARTENARIAT AVEC EL GRANDE TOTO<\/h3>\n                <\/div>\n                                                <span class=\"thumb-arrow\"><\/span>\n\t\t\t\t            <\/a>\n                    <\/div>\n    <\/div>\n    <div class=\"isotope-item portfolio-item cat-26\">\n        <div class=\"portfolio-item-inner item-inner\">\n            <a href=\"https:\/\/saga.ma\/en\/portfolio\/operation-promotionnelle\/\" class=\"thumb-hover overlay-effect text-light\"  >\n                <img loading=\"lazy\" decoding=\"async\" width=\"500\" height=\"500\" src=\"https:\/\/saga.ma\/wp-content\/uploads\/2024\/12\/KIA500x500.jpg\" class=\"attachment-dani-thumb-big-crop size-dani-thumb-big-crop wp-post-image\" alt=\"\" srcset=\"https:\/\/saga.ma\/wp-content\/uploads\/2024\/12\/KIA500x500.jpg 500w, https:\/\/saga.ma\/wp-content\/uploads\/2024\/12\/KIA500x500-300x300.jpg 300w, https:\/\/saga.ma\/wp-content\/uploads\/2024\/12\/KIA500x500-150x150.jpg 150w, https:\/\/saga.ma\/wp-content\/uploads\/2024\/12\/KIA500x500-12x12.jpg 12w, https:\/\/saga.ma\/wp-content\/uploads\/2024\/12\/KIA500x500-420x420.jpg 420w\" sizes=\"(max-width: 500px) 100vw, 500px\" \/>                \n                                \n                                <div class=\"overlay-caption overlay-caption bottom align-left hidden caption-light\">\n                    <span class=\"caption-sub portfolio-category text-animation\">KIA<\/span>                    <h3 class=\"caption-name portfolio-name text-animation h4\">OPERATION PROMOTIONNELLE<\/h3>\n                <\/div>\n                                                <span class=\"thumb-arrow\"><\/span>\n\t\t\t\t            <\/a>\n                    <\/div>\n    <\/div>\n    <div class=\"isotope-item portfolio-item cat-24\">\n        <div class=\"portfolio-item-inner item-inner\">\n            <a href=\"https:\/\/saga.ma\/en\/portfolio\/campagne-ete-koulchidialek\/\" class=\"thumb-hover overlay-effect text-light\"  >\n                <img loading=\"lazy\" decoding=\"async\" width=\"500\" height=\"500\" src=\"https:\/\/saga.ma\/wp-content\/uploads\/2024\/12\/24-00460-Transverse-ete500x500-Jardin.jpg\" class=\"attachment-dani-thumb-big-crop size-dani-thumb-big-crop wp-post-image\" alt=\"\" srcset=\"https:\/\/saga.ma\/wp-content\/uploads\/2024\/12\/24-00460-Transverse-ete500x500-Jardin.jpg 500w, https:\/\/saga.ma\/wp-content\/uploads\/2024\/12\/24-00460-Transverse-ete500x500-Jardin-300x300.jpg 300w, https:\/\/saga.ma\/wp-content\/uploads\/2024\/12\/24-00460-Transverse-ete500x500-Jardin-150x150.jpg 150w, https:\/\/saga.ma\/wp-content\/uploads\/2024\/12\/24-00460-Transverse-ete500x500-Jardin-12x12.jpg 12w, https:\/\/saga.ma\/wp-content\/uploads\/2024\/12\/24-00460-Transverse-ete500x500-Jardin-420x420.jpg 420w\" sizes=\"(max-width: 500px) 100vw, 500px\" \/>                \n                                \n                                <div class=\"overlay-caption overlay-caption bottom align-left hidden caption-light\">\n                    <span class=\"caption-sub portfolio-category text-animation\">INWI<\/span>                    <h3 class=\"caption-name portfolio-name text-animation h4\">CAMPAGNE \u00c9T\u00c9 #KOULCHIDIALEK<\/h3>\n                <\/div>\n                                                <span class=\"thumb-arrow\"><\/span>\n\t\t\t\t            <\/a>\n                    <\/div>\n    <\/div>\n    <div class=\"isotope-item portfolio-item cat-24\">\n        <div class=\"portfolio-item-inner item-inner\">\n            <a href=\"https:\/\/saga.ma\/en\/portfolio\/qualite-du-reseau\/\" class=\"thumb-hover overlay-effect text-light\"  >\n                <img loading=\"lazy\" decoding=\"async\" width=\"500\" height=\"500\" src=\"https:\/\/saga.ma\/wp-content\/uploads\/2024\/12\/23-00492-Campagne-marque-fibre-AH500x500-Marque.jpg\" class=\"attachment-dani-thumb-big-crop size-dani-thumb-big-crop wp-post-image\" alt=\"\" srcset=\"https:\/\/saga.ma\/wp-content\/uploads\/2024\/12\/23-00492-Campagne-marque-fibre-AH500x500-Marque.jpg 500w, https:\/\/saga.ma\/wp-content\/uploads\/2024\/12\/23-00492-Campagne-marque-fibre-AH500x500-Marque-300x300.jpg 300w, https:\/\/saga.ma\/wp-content\/uploads\/2024\/12\/23-00492-Campagne-marque-fibre-AH500x500-Marque-150x150.jpg 150w, https:\/\/saga.ma\/wp-content\/uploads\/2024\/12\/23-00492-Campagne-marque-fibre-AH500x500-Marque-12x12.jpg 12w, https:\/\/saga.ma\/wp-content\/uploads\/2024\/12\/23-00492-Campagne-marque-fibre-AH500x500-Marque-420x420.jpg 420w\" sizes=\"(max-width: 500px) 100vw, 500px\" \/>                \n                                \n                                <div class=\"overlay-caption overlay-caption bottom align-left hidden caption-light\">\n                    <span class=\"caption-sub portfolio-category text-animation\">INWI<\/span>                    <h3 class=\"caption-name portfolio-name text-animation h4\">QUALIT\u00c9 DU R\u00c9SEAU<\/h3>\n                <\/div>\n                                                <span class=\"thumb-arrow\"><\/span>\n\t\t\t\t            <\/a>\n                    <\/div>\n    <\/div>\n    <div class=\"isotope-item portfolio-item cat-24\">\n        <div class=\"portfolio-item-inner item-inner\">\n            <a href=\"https:\/\/saga.ma\/en\/portfolio\/renovation-terrains\/\" class=\"thumb-hover overlay-effect text-light\"  >\n                <img loading=\"lazy\" decoding=\"async\" width=\"500\" height=\"500\" src=\"https:\/\/saga.ma\/wp-content\/uploads\/2024\/12\/23-00245-Lahdat-dir-iddik500x500.jpg\" class=\"attachment-dani-thumb-big-crop size-dani-thumb-big-crop wp-post-image\" alt=\"\" srcset=\"https:\/\/saga.ma\/wp-content\/uploads\/2024\/12\/23-00245-Lahdat-dir-iddik500x500.jpg 500w, https:\/\/saga.ma\/wp-content\/uploads\/2024\/12\/23-00245-Lahdat-dir-iddik500x500-300x300.jpg 300w, https:\/\/saga.ma\/wp-content\/uploads\/2024\/12\/23-00245-Lahdat-dir-iddik500x500-150x150.jpg 150w, https:\/\/saga.ma\/wp-content\/uploads\/2024\/12\/23-00245-Lahdat-dir-iddik500x500-12x12.jpg 12w, https:\/\/saga.ma\/wp-content\/uploads\/2024\/12\/23-00245-Lahdat-dir-iddik500x500-420x420.jpg 420w\" sizes=\"(max-width: 500px) 100vw, 500px\" \/>                \n                                \n                                <div class=\"overlay-caption overlay-caption bottom align-left hidden caption-light\">\n                    <span class=\"caption-sub portfolio-category text-animation\">INWI<\/span>                    <h3 class=\"caption-name portfolio-name text-animation h4\">R\u00c9NOVATION TERRAINS<\/h3>\n                <\/div>\n                                                <span class=\"thumb-arrow\"><\/span>\n\t\t\t\t            <\/a>\n                    <\/div>\n    <\/div>\n    <div class=\"isotope-item portfolio-item cat-24\">\n        <div class=\"portfolio-item-inner item-inner\">\n            <a href=\"https:\/\/saga.ma\/en\/portfolio\/journee-de-la-femme\/\" class=\"thumb-hover overlay-effect text-light\"  >\n                <img loading=\"lazy\" decoding=\"async\" width=\"500\" height=\"500\" src=\"https:\/\/saga.ma\/wp-content\/uploads\/2024\/12\/23-00026-Journee-de-la-femmeCamionneuse500x500.jpg\" class=\"attachment-dani-thumb-big-crop size-dani-thumb-big-crop wp-post-image\" alt=\"\" srcset=\"https:\/\/saga.ma\/wp-content\/uploads\/2024\/12\/23-00026-Journee-de-la-femmeCamionneuse500x500.jpg 500w, https:\/\/saga.ma\/wp-content\/uploads\/2024\/12\/23-00026-Journee-de-la-femmeCamionneuse500x500-300x300.jpg 300w, https:\/\/saga.ma\/wp-content\/uploads\/2024\/12\/23-00026-Journee-de-la-femmeCamionneuse500x500-150x150.jpg 150w, https:\/\/saga.ma\/wp-content\/uploads\/2024\/12\/23-00026-Journee-de-la-femmeCamionneuse500x500-12x12.jpg 12w, https:\/\/saga.ma\/wp-content\/uploads\/2024\/12\/23-00026-Journee-de-la-femmeCamionneuse500x500-420x420.jpg 420w\" sizes=\"(max-width: 500px) 100vw, 500px\" \/>                \n                                \n                                <div class=\"overlay-caption overlay-caption bottom align-left hidden caption-light\">\n                    <span class=\"caption-sub portfolio-category text-animation\">INWI<\/span>                    <h3 class=\"caption-name portfolio-name text-animation h4\">JOURN\u00c9E DE LA FEMME<\/h3>\n                <\/div>\n                                                <span class=\"thumb-arrow\"><\/span>\n\t\t\t\t            <\/a>\n                    <\/div>\n    <\/div><\/div><div class=\"wrapper-big\"><div id=\"\" class=\"column-section clearfix spaced-normal\"><div  class=\"column one-third\" ><div class=\"spacer spacer-big\"><\/div>\n<p style=\"text-align: center;\"><img loading=\"lazy\" decoding=\"async\" class=\"alignnone size-full wp-image-303\" src=\"https:\/\/saga.ma\/wp-content\/uploads\/2018\/05\/conseilv2.jpg\" alt=\"\" width=\"100\" height=\"70\" \/><\/p>\n<h3 style=\"text-align: center;\">Consulting<\/h3>\n<p style=\"text-align: justify;\">Your brand has a history, a beginning and a life. Knowing how to tell the story is the starting point of your multi-channel strategy. This strategy focuses on storytelling, online and offline strategic planning, Brand platform and 360 cycle plans, all enhanced with benchmarks, market monitoring and digital listening.<\/p>\n<\/div><div  class=\"column one-third\" ><div class=\"spacer spacer-big\"><\/div>\n<p style=\"text-align: center;\"><img loading=\"lazy\" decoding=\"async\" class=\"alignnone size-full wp-image-302\" src=\"https:\/\/saga.ma\/wp-content\/uploads\/2018\/05\/brandcontent-v2.jpg\" alt=\"\" width=\"100\" height=\"70\" \/><\/p>\n<h3 style=\"text-align: center;\">Brand content<\/h3>\n<p style=\"text-align: justify;\">The image has always been the most effective way to convey a message.<br \/>\nTo convey yours, we can design your visual identity and brand image, define advertising campaigns (TV, radio, digital, billboards, and cinema).<\/p>\n<\/div><div  class=\"column one-third last-col\" ><div class=\"spacer spacer-big\"><\/div>\n<p style=\"text-align: center;\"><img loading=\"lazy\" decoding=\"async\" class=\"alignnone size-full wp-image-304\" src=\"https:\/\/saga.ma\/wp-content\/uploads\/2018\/05\/media-v2.jpg\" alt=\"\" width=\"100\" height=\"70\" \/><\/p>\n<h3 style=\"text-align: center;\">Media<\/h3>\n<p style=\"text-align: justify;\">Creating a story only makes sense when someone is listening. We identify your audience, and develop the most suitable and impactful strategy. Our Media experts work everyday on building the strategy that best meets your needs.<\/p>\n<\/div><\/div><\/div><div class=\"spacer spacer-big\"><\/div><div class=\"wrapper-big\"><div id=\"\" class=\"column-section clearfix spaced-normal\"><div  class=\"column one-third\" >\n<p style=\"text-align: center;\"><img loading=\"lazy\" decoding=\"async\" class=\"alignnone size-full wp-image-306\" src=\"https:\/\/saga.ma\/wp-content\/uploads\/2018\/05\/Sans-titre-1.jpg\" alt=\"\" width=\"100\" height=\"70\" \/><\/p>\n<h3 style=\"text-align: center;\">Shopping<br \/>\n&amp; Event Marketing<\/h3>\n<p style=\"text-align: justify;\" class=\" translation-block\">Pour la visibilit\u00e9 de votre marque, nous mettons \u00e0 votre service un m\u00e9dia d\u00e9di\u00e9 dont la mission est<br>\r\nde concevoir et d\u00e9ployer les op\u00e9rations Street, Guerilla marketing et GMS, l\u2019organisation<br>\r\nd\u2019\u00e9v\u00e9nements B2B et Corporate et activation de vos marques et produits on et offline.<\/p>\n<\/div><div  class=\"column one-third\" >\n<p style=\"text-align: center;\"><img loading=\"lazy\" decoding=\"async\" class=\"alignnone size-full wp-image-305\" src=\"https:\/\/saga.ma\/wp-content\/uploads\/2018\/05\/rp-v2.jpg\" alt=\"\" width=\"100\" height=\"70\" \/><\/p>\n<h3 style=\"text-align: center;\">Public Relations<br \/>\nand Influencers<\/h3>\n<p style=\"text-align: justify;\">Online and offline Media as well as influencers are very high potential communication channels. Our media and influence strategy and management teams provide you with influence and media strategies specific to your needs, using the most innovative research &amp; monitoring tools.<\/p>\n<\/div><div  class=\"column one-third last-col\" >\n<p style=\"text-align: center;\"><img loading=\"lazy\" decoding=\"async\" class=\"alignnone size-full wp-image-307\" src=\"https:\/\/saga.ma\/wp-content\/uploads\/2018\/05\/sn-v2.jpg\" alt=\"\" width=\"100\" height=\"70\" \/><\/p>\n<h3 style=\"text-align: center;\">Social media<br \/>\n&amp; Relationship Marketing<\/h3>\n<p style=\"text-align: justify;\">The future of communication is now, and the digital touchpoints are today part of the primary communication platforms. Social strategies, consumer and relationship marketing &amp; management represent a focal point in planning today, with digital creative and content development, as well as community management.<\/p>\n<\/div><\/div><\/div><div class=\"spacer spacer-big\"><\/div>","protected":false},"excerpt":{"rendered":"","protected":false},"author":1,"featured_media":0,"parent":0,"menu_order":0,"comment_status":"closed","ping_status":"closed","template":"","meta":{"footnotes":""},"_links":{"self":[{"href":"https:\/\/saga.ma\/en\/wp-json\/wp\/v2\/pages\/716"}],"collection":[{"href":"https:\/\/saga.ma\/en\/wp-json\/wp\/v2\/pages"}],"about":[{"href":"https:\/\/saga.ma\/en\/wp-json\/wp\/v2\/types\/page"}],"author":[{"embeddable":true,"href":"https:\/\/saga.ma\/en\/wp-json\/wp\/v2\/users\/1"}],"replies":[{"embeddable":true,"href":"https:\/\/saga.ma\/en\/wp-json\/wp\/v2\/comments?post=716"}],"version-history":[{"count":18,"href":"https:\/\/saga.ma\/en\/wp-json\/wp\/v2\/pages\/716\/revisions"}],"predecessor-version":[{"id":1466,"href":"https:\/\/saga.ma\/en\/wp-json\/wp\/v2\/pages\/716\/revisions\/1466"}],"wp:attachment":[{"href":"https:\/\/saga.ma\/en\/wp-json\/wp\/v2\/media?parent=716"}],"curies":[{"name":"wp","href":"https:\/\/api.w.org\/{rel}","templated":true}]}}