{"id":15,"date":"2016-07-22T19:15:14","date_gmt":"2016-07-22T19:15:14","guid":{"rendered":"http:\/\/www.spab-rice.com\/wordpress\/demo\/dani-demo\/?page_id=15"},"modified":"2019-07-06T15:35:08","modified_gmt":"2019-07-06T15:35:08","slug":"home","status":"publish","type":"page","link":"https:\/\/saga.ma\/en\/home\/","title":{"rendered":"Accueil-old"},"content":{"rendered":"<p><div id=\"portfolio-grid1\" class=\"smartscroll-grid smartscroll-not-spaced no-anim portfolio-container\" data-columns=\"3\">\n    <div class=\"smartscroll-item portfolio-item cat-47\">\n        <div class=\"portfolio-item-inner item-inner\">\n            <a href=\"https:\/\/saga.ma\/en\/portfolio\/magix-duo\/\" class=\"thumb-hover overlay-effect text-light\"  >\n                <img loading=\"lazy\" decoding=\"async\" width=\"600\" height=\"335\" src=\"https:\/\/saga.ma\/wp-content\/uploads\/2025\/02\/Magix-600x335.jpg\" class=\"attachment-dani-thumb-medium size-dani-thumb-medium wp-post-image\" alt=\"\" srcset=\"https:\/\/saga.ma\/wp-content\/uploads\/2025\/02\/Magix-600x335.jpg 600w, https:\/\/saga.ma\/wp-content\/uploads\/2025\/02\/Magix-300x167.jpg 300w, https:\/\/saga.ma\/wp-content\/uploads\/2025\/02\/Magix-1024x571.jpg 1024w, https:\/\/saga.ma\/wp-content\/uploads\/2025\/02\/Magix-768x428.jpg 768w, https:\/\/saga.ma\/wp-content\/uploads\/2025\/02\/Magix-1536x857.jpg 1536w, https:\/\/saga.ma\/wp-content\/uploads\/2025\/02\/Magix-2048x1142.jpg 2048w, https:\/\/saga.ma\/wp-content\/uploads\/2025\/02\/Magix-18x10.jpg 18w, https:\/\/saga.ma\/wp-content\/uploads\/2025\/02\/Magix-420x234.jpg 420w, https:\/\/saga.ma\/wp-content\/uploads\/2025\/02\/Magix-900x502.jpg 900w, https:\/\/saga.ma\/wp-content\/uploads\/2025\/02\/Magix-1290x719.jpg 1290w\" sizes=\"(max-width: 600px) 100vw, 600px\" \/>                \n                                \n                                <div class=\"overlay-caption overlay-caption bottom align-left hidden caption-light\">\n                    <span class=\"caption-sub portfolio-category\">MAGIX<\/span>                    <h3 class=\"caption-name portfolio-name  h4\">MAGIX DUO<\/h3>\n                <\/div>\n                                                <span class=\"thumb-arrow\"><\/span>\n\t\t\t\t            <\/a>\n                    <\/div>\n    <\/div>\n    <div class=\"smartscroll-item portfolio-item cat-26\">\n        <div class=\"portfolio-item-inner item-inner\">\n            <a href=\"https:\/\/saga.ma\/en\/portfolio\/partenariat-avec-el-grande-toto\/\" class=\"thumb-hover overlay-effect text-light\"  >\n                <img loading=\"lazy\" decoding=\"async\" width=\"600\" height=\"600\" src=\"https:\/\/saga.ma\/wp-content\/uploads\/2025\/02\/KIA-1-600x600.jpg\" class=\"attachment-dani-thumb-medium size-dani-thumb-medium wp-post-image\" alt=\"\" srcset=\"https:\/\/saga.ma\/wp-content\/uploads\/2025\/02\/KIA-1-600x600.jpg 600w, https:\/\/saga.ma\/wp-content\/uploads\/2025\/02\/KIA-1-300x300.jpg 300w, https:\/\/saga.ma\/wp-content\/uploads\/2025\/02\/KIA-1-1024x1024.jpg 1024w, https:\/\/saga.ma\/wp-content\/uploads\/2025\/02\/KIA-1-150x150.jpg 150w, https:\/\/saga.ma\/wp-content\/uploads\/2025\/02\/KIA-1-768x768.jpg 768w, https:\/\/saga.ma\/wp-content\/uploads\/2025\/02\/KIA-1-12x12.jpg 12w, https:\/\/saga.ma\/wp-content\/uploads\/2025\/02\/KIA-1-420x420.jpg 420w, https:\/\/saga.ma\/wp-content\/uploads\/2025\/02\/KIA-1-900x900.jpg 900w, https:\/\/saga.ma\/wp-content\/uploads\/2025\/02\/KIA-1.jpg 1181w\" sizes=\"(max-width: 600px) 100vw, 600px\" \/>                \n                                \n                                <div class=\"overlay-caption overlay-caption bottom align-left hidden caption-light\">\n                    <span class=\"caption-sub portfolio-category\">KIA<\/span>                    <h3 class=\"caption-name portfolio-name  h4\">PARTENARIAT AVEC EL GRANDE TOTO<\/h3>\n                <\/div>\n                                                <span class=\"thumb-arrow\"><\/span>\n\t\t\t\t            <\/a>\n                    <\/div>\n    <\/div>\n    <div class=\"smartscroll-item portfolio-item cat-38\">\n        <div class=\"portfolio-item-inner item-inner\">\n            <a href=\"https:\/\/saga.ma\/en\/portfolio\/art_is_ana\/\" class=\"thumb-hover overlay-effect text-light\"  >\n                <img loading=\"lazy\" decoding=\"async\" width=\"600\" height=\"335\" src=\"https:\/\/saga.ma\/wp-content\/uploads\/2025\/02\/ARTISANAT-DU-MAROC-600x335.jpg\" class=\"attachment-dani-thumb-medium size-dani-thumb-medium wp-post-image\" alt=\"\" srcset=\"https:\/\/saga.ma\/wp-content\/uploads\/2025\/02\/ARTISANAT-DU-MAROC-600x335.jpg 600w, https:\/\/saga.ma\/wp-content\/uploads\/2025\/02\/ARTISANAT-DU-MAROC-300x167.jpg 300w, https:\/\/saga.ma\/wp-content\/uploads\/2025\/02\/ARTISANAT-DU-MAROC-1024x571.jpg 1024w, https:\/\/saga.ma\/wp-content\/uploads\/2025\/02\/ARTISANAT-DU-MAROC-768x428.jpg 768w, https:\/\/saga.ma\/wp-content\/uploads\/2025\/02\/ARTISANAT-DU-MAROC-1536x857.jpg 1536w, https:\/\/saga.ma\/wp-content\/uploads\/2025\/02\/ARTISANAT-DU-MAROC-2048x1142.jpg 2048w, https:\/\/saga.ma\/wp-content\/uploads\/2025\/02\/ARTISANAT-DU-MAROC-18x10.jpg 18w, https:\/\/saga.ma\/wp-content\/uploads\/2025\/02\/ARTISANAT-DU-MAROC-420x234.jpg 420w, https:\/\/saga.ma\/wp-content\/uploads\/2025\/02\/ARTISANAT-DU-MAROC-900x502.jpg 900w, https:\/\/saga.ma\/wp-content\/uploads\/2025\/02\/ARTISANAT-DU-MAROC-1290x720.jpg 1290w\" sizes=\"(max-width: 600px) 100vw, 600px\" \/>                \n                                \n                                <div class=\"overlay-caption overlay-caption bottom align-left hidden caption-light\">\n                    <span class=\"caption-sub portfolio-category\">ARTISANAT DU MAROC<\/span>                    <h3 class=\"caption-name portfolio-name  h4\">#art_is_ana<\/h3>\n                <\/div>\n                                                <span class=\"thumb-arrow\"><\/span>\n\t\t\t\t            <\/a>\n                    <\/div>\n    <\/div>\n    <div class=\"smartscroll-item portfolio-item cat-42\">\n        <div class=\"portfolio-item-inner item-inner\">\n            <a href=\"https:\/\/saga.ma\/en\/portfolio\/spot-publicitaire-3\/\" class=\"thumb-hover overlay-effect text-light\"  >\n                <img loading=\"lazy\" decoding=\"async\" width=\"600\" height=\"600\" src=\"https:\/\/saga.ma\/wp-content\/uploads\/2025\/02\/SH-2-600x600.jpg\" class=\"attachment-dani-thumb-medium size-dani-thumb-medium wp-post-image\" alt=\"\" srcset=\"https:\/\/saga.ma\/wp-content\/uploads\/2025\/02\/SH-2-600x600.jpg 600w, https:\/\/saga.ma\/wp-content\/uploads\/2025\/02\/SH-2-300x300.jpg 300w, https:\/\/saga.ma\/wp-content\/uploads\/2025\/02\/SH-2-1024x1024.jpg 1024w, https:\/\/saga.ma\/wp-content\/uploads\/2025\/02\/SH-2-150x150.jpg 150w, https:\/\/saga.ma\/wp-content\/uploads\/2025\/02\/SH-2-768x768.jpg 768w, https:\/\/saga.ma\/wp-content\/uploads\/2025\/02\/SH-2-12x12.jpg 12w, https:\/\/saga.ma\/wp-content\/uploads\/2025\/02\/SH-2-420x420.jpg 420w, https:\/\/saga.ma\/wp-content\/uploads\/2025\/02\/SH-2-900x900.jpg 900w, https:\/\/saga.ma\/wp-content\/uploads\/2025\/02\/SH-2.jpg 1181w\" sizes=\"(max-width: 600px) 100vw, 600px\" \/>                \n                                \n                                <div class=\"overlay-caption overlay-caption bottom align-left hidden caption-light\">\n                    <span class=\"caption-sub portfolio-category\">SIDI HARAZEM<\/span>                    <h3 class=\"caption-name portfolio-name  h4\">SPOT PUBLICITAIRE<\/h3>\n                <\/div>\n                                                <span class=\"thumb-arrow\"><\/span>\n\t\t\t\t            <\/a>\n                    <\/div>\n    <\/div>\n    <div class=\"smartscroll-item portfolio-item cat-43\">\n        <div class=\"portfolio-item-inner item-inner\">\n            <a href=\"https:\/\/saga.ma\/en\/portfolio\/spot-publicitaire-2\/\" class=\"thumb-hover overlay-effect text-light\"  >\n                <img loading=\"lazy\" decoding=\"async\" width=\"600\" height=\"600\" src=\"https:\/\/saga.ma\/wp-content\/uploads\/2025\/02\/AS-3-600x600.jpg\" class=\"attachment-dani-thumb-medium size-dani-thumb-medium wp-post-image\" alt=\"\" srcset=\"https:\/\/saga.ma\/wp-content\/uploads\/2025\/02\/AS-3-600x600.jpg 600w, https:\/\/saga.ma\/wp-content\/uploads\/2025\/02\/AS-3-300x300.jpg 300w, https:\/\/saga.ma\/wp-content\/uploads\/2025\/02\/AS-3-1024x1024.jpg 1024w, https:\/\/saga.ma\/wp-content\/uploads\/2025\/02\/AS-3-150x150.jpg 150w, https:\/\/saga.ma\/wp-content\/uploads\/2025\/02\/AS-3-768x768.jpg 768w, https:\/\/saga.ma\/wp-content\/uploads\/2025\/02\/AS-3-12x12.jpg 12w, https:\/\/saga.ma\/wp-content\/uploads\/2025\/02\/AS-3-420x420.jpg 420w, https:\/\/saga.ma\/wp-content\/uploads\/2025\/02\/AS-3-900x900.jpg 900w, https:\/\/saga.ma\/wp-content\/uploads\/2025\/02\/AS-3.jpg 1181w\" sizes=\"(max-width: 600px) 100vw, 600px\" \/>                \n                                \n                                <div class=\"overlay-caption overlay-caption bottom align-left hidden caption-light\">\n                    <span class=\"caption-sub portfolio-category\">A\u00cfN SA\u00cfSS<\/span>                    <h3 class=\"caption-name portfolio-name  h4\">SPOT PUBLICITAIRE<\/h3>\n                <\/div>\n                                                <span class=\"thumb-arrow\"><\/span>\n\t\t\t\t            <\/a>\n                    <\/div>\n    <\/div>\n    <div class=\"smartscroll-item portfolio-item cat-45\">\n        <div class=\"portfolio-item-inner item-inner\">\n            <a href=\"https:\/\/saga.ma\/en\/portfolio\/black-friday-2022-%d8%a8%d8%a7%d9%84%d8%a8%d8%b3%d9%85%d8%a9_%d9%85%d8%b9_%d8%a7%d9%84%d9%81%d8%a7%d9%85%d9%8a%d9%84%d8%a7-2\/\" class=\"thumb-hover overlay-effect text-light\"  >\n                <img loading=\"lazy\" decoding=\"async\" width=\"600\" height=\"298\" src=\"https:\/\/saga.ma\/wp-content\/uploads\/2025\/02\/WS-9-600x298.jpg\" class=\"attachment-dani-thumb-medium size-dani-thumb-medium wp-post-image\" alt=\"\" srcset=\"https:\/\/saga.ma\/wp-content\/uploads\/2025\/02\/WS-9-600x298.jpg 600w, https:\/\/saga.ma\/wp-content\/uploads\/2025\/02\/WS-9-300x149.jpg 300w, https:\/\/saga.ma\/wp-content\/uploads\/2025\/02\/WS-9-1024x508.jpg 1024w, https:\/\/saga.ma\/wp-content\/uploads\/2025\/02\/WS-9-768x381.jpg 768w, https:\/\/saga.ma\/wp-content\/uploads\/2025\/02\/WS-9-18x9.jpg 18w, https:\/\/saga.ma\/wp-content\/uploads\/2025\/02\/WS-9-420x208.jpg 420w, https:\/\/saga.ma\/wp-content\/uploads\/2025\/02\/WS-9-900x447.jpg 900w, https:\/\/saga.ma\/wp-content\/uploads\/2025\/02\/WS-9.jpg 1181w\" sizes=\"(max-width: 600px) 100vw, 600px\" \/>                \n                                \n                                <div class=\"overlay-caption overlay-caption bottom align-left hidden caption-light\">\n                    <span class=\"caption-sub portfolio-category\">WAFASALAF<\/span>                    <h3 class=\"caption-name portfolio-name  h4\">BLACK FRIDAY 2022 #\u0628\u0627\u0644\u0628\u0633\u0645\u0629_\u0645\u0639_\u0627\u0644\u0641\u0627\u0645\u064a\u0644\u0627<\/h3>\n                <\/div>\n                                                <span class=\"thumb-arrow\"><\/span>\n\t\t\t\t            <\/a>\n                    <\/div>\n    <\/div>\n    <div class=\"smartscroll-item portfolio-item cat-45\">\n        <div class=\"portfolio-item-inner item-inner\">\n            <a href=\"https:\/\/saga.ma\/en\/portfolio\/campagne-ete-2024\/\" class=\"thumb-hover overlay-effect text-light\"  >\n                <img loading=\"lazy\" decoding=\"async\" width=\"600\" height=\"598\" src=\"https:\/\/saga.ma\/wp-content\/uploads\/2025\/02\/Wafasalaf-600x598.jpg\" class=\"attachment-dani-thumb-medium size-dani-thumb-medium wp-post-image\" alt=\"\" srcset=\"https:\/\/saga.ma\/wp-content\/uploads\/2025\/02\/Wafasalaf-600x598.jpg 600w, https:\/\/saga.ma\/wp-content\/uploads\/2025\/02\/Wafasalaf-300x300.jpg 300w, https:\/\/saga.ma\/wp-content\/uploads\/2025\/02\/Wafasalaf-150x150.jpg 150w, https:\/\/saga.ma\/wp-content\/uploads\/2025\/02\/Wafasalaf-768x765.jpg 768w, https:\/\/saga.ma\/wp-content\/uploads\/2025\/02\/Wafasalaf-12x12.jpg 12w, https:\/\/saga.ma\/wp-content\/uploads\/2025\/02\/Wafasalaf-420x418.jpg 420w, https:\/\/saga.ma\/wp-content\/uploads\/2025\/02\/Wafasalaf-900x896.jpg 900w, https:\/\/saga.ma\/wp-content\/uploads\/2025\/02\/Wafasalaf.jpg 1016w\" sizes=\"(max-width: 600px) 100vw, 600px\" \/>                \n                                \n                                <div class=\"overlay-caption overlay-caption bottom align-left hidden caption-light\">\n                    <span class=\"caption-sub portfolio-category\">WAFASALAF<\/span>                    <h3 class=\"caption-name portfolio-name  h4\">CAMPAGNE \u00c9T\u00c9 2024<\/h3>\n                <\/div>\n                                                <span class=\"thumb-arrow\"><\/span>\n\t\t\t\t            <\/a>\n                    <\/div>\n    <\/div>\n    <div class=\"smartscroll-item portfolio-item cat-45\">\n        <div class=\"portfolio-item-inner item-inner\">\n            <a href=\"https:\/\/saga.ma\/en\/portfolio\/%d8%a8%d8%a7%d9%84%d8%a8%d8%b3%d9%85%d8%a9_%d9%85%d8%b9_%d8%a7%d9%84%d9%81%d8%a7%d9%85%d9%8a%d9%84%d8%a7\/\" class=\"thumb-hover overlay-effect text-light\"  >\n                <img loading=\"lazy\" decoding=\"async\" width=\"600\" height=\"340\" src=\"https:\/\/saga.ma\/wp-content\/uploads\/2025\/02\/WS-3-600x340.jpg\" class=\"attachment-dani-thumb-medium size-dani-thumb-medium wp-post-image\" alt=\"\" srcset=\"https:\/\/saga.ma\/wp-content\/uploads\/2025\/02\/WS-3-600x340.jpg 600w, https:\/\/saga.ma\/wp-content\/uploads\/2025\/02\/WS-3-300x170.jpg 300w, https:\/\/saga.ma\/wp-content\/uploads\/2025\/02\/WS-3-1024x580.jpg 1024w, https:\/\/saga.ma\/wp-content\/uploads\/2025\/02\/WS-3-768x435.jpg 768w, https:\/\/saga.ma\/wp-content\/uploads\/2025\/02\/WS-3-18x10.jpg 18w, https:\/\/saga.ma\/wp-content\/uploads\/2025\/02\/WS-3-420x238.jpg 420w, https:\/\/saga.ma\/wp-content\/uploads\/2025\/02\/WS-3-900x510.jpg 900w, https:\/\/saga.ma\/wp-content\/uploads\/2025\/02\/WS-3.jpg 1221w\" sizes=\"(max-width: 600px) 100vw, 600px\" \/>                \n                                \n                                <div class=\"overlay-caption overlay-caption bottom align-left hidden caption-light\">\n                    <span class=\"caption-sub portfolio-category\">WAFASALAF<\/span>                    <h3 class=\"caption-name portfolio-name  h4\">RAMADAN 2023 #\u0628\u0627\u0644\u0628\u0633\u0645\u0629_\u0645\u0639_\u0627\u0644\u0641\u0627\u0645\u064a\u0644\u0627<\/h3>\n                <\/div>\n                                                <span class=\"thumb-arrow\"><\/span>\n\t\t\t\t            <\/a>\n                    <\/div>\n    <\/div>\n    <div class=\"smartscroll-item portfolio-item cat-46\">\n        <div class=\"portfolio-item-inner item-inner\">\n            <a href=\"https:\/\/saga.ma\/en\/portfolio\/lancement-nouvelle-gamme\/\" class=\"thumb-hover overlay-effect text-light\"  >\n                <img loading=\"lazy\" decoding=\"async\" width=\"500\" height=\"500\" src=\"https:\/\/saga.ma\/wp-content\/uploads\/2024\/12\/MARINE500x500.jpg\" class=\"attachment-dani-thumb-medium size-dani-thumb-medium wp-post-image\" alt=\"\" srcset=\"https:\/\/saga.ma\/wp-content\/uploads\/2024\/12\/MARINE500x500.jpg 500w, https:\/\/saga.ma\/wp-content\/uploads\/2024\/12\/MARINE500x500-300x300.jpg 300w, https:\/\/saga.ma\/wp-content\/uploads\/2024\/12\/MARINE500x500-150x150.jpg 150w, https:\/\/saga.ma\/wp-content\/uploads\/2024\/12\/MARINE500x500-12x12.jpg 12w, https:\/\/saga.ma\/wp-content\/uploads\/2024\/12\/MARINE500x500-420x420.jpg 420w\" sizes=\"(max-width: 500px) 100vw, 500px\" \/>                \n                                \n                                <div class=\"overlay-caption overlay-caption bottom align-left hidden caption-light\">\n                    <span class=\"caption-sub portfolio-category\">MARINE<\/span>                    <h3 class=\"caption-name portfolio-name  h4\">LANCEMENT NOUVELLE GAMME<\/h3>\n                <\/div>\n                                                <span class=\"thumb-arrow\"><\/span>\n\t\t\t\t            <\/a>\n                    <\/div>\n    <\/div><\/div><div class=\"spacer spacer-big\"><\/div><div class=\"wrapper-big\"><div id=\"\" class=\"column-section clearfix spaced-normal\"><div  class=\"column one-third\" >\n<p style=\"text-align: center;\"><img loading=\"lazy\" decoding=\"async\" class=\"alignnone size-full wp-image-303\" src=\"https:\/\/saga.ma\/wp-content\/uploads\/2018\/05\/conseilv2.jpg\" alt=\"\" width=\"100\" height=\"70\" \/><\/p>\n<h3 style=\"text-align: center;\">Consulting<\/h3>\n<p style=\"text-align: justify;\">Your brand has a history, a beginning and a life. Knowing how to tell the story is the starting point of your multi-channel strategy. This strategy focuses on storytelling, online and offline strategic planning, Brand platform and 360 cycle plans, all enhanced with benchmarks, market monitoring and digital listening.<\/p>\n<div class=\"spacer spacer-medium\"><\/div><div class=\"spacer spacer-small\"><\/div>\n<p style=\"text-align: center;\"><img loading=\"lazy\" decoding=\"async\" class=\"alignnone size-full wp-image-306\" src=\"https:\/\/saga.ma\/wp-content\/uploads\/2018\/05\/Sans-titre-1.jpg\" alt=\"\" width=\"100\" height=\"70\" \/><\/p>\n<h3 style=\"text-align: center;\">Shopping<br \/>\n&amp; Event Marketing<\/h3>\n<p style=\"text-align: justify;\" class=\" translation-block\">Pour la visibilit\u00e9 de votre marque, nous mettons \u00e0 votre service un m\u00e9dia d\u00e9di\u00e9 dont la mission est<br>\r\nde concevoir et d\u00e9ployer les op\u00e9rations Street, Guerilla marketing et GMS, l\u2019organisation<br>\r\nd\u2019\u00e9v\u00e9nements B2B et Corporate et activation de vos marques et produits on et offline.<\/p>\n<\/div><div  class=\"column one-third\" >\n<p style=\"text-align: center;\"><img loading=\"lazy\" decoding=\"async\" class=\"alignnone size-full wp-image-302\" src=\"https:\/\/saga.ma\/wp-content\/uploads\/2018\/05\/brandcontent-v2.jpg\" alt=\"\" width=\"100\" height=\"70\" \/><\/p>\n<h3 style=\"text-align: center;\">Brand content<\/h3>\n<p style=\"text-align: justify;\">The image has always been the most effective way to convey a message.<br \/>\nTo convey yours, we can design your visual identity and brand image, define advertising campaigns (TV, radio, digital, billboards, and cinema).<\/p>\n<div class=\"spacer spacer-medium\"><\/div><div class=\"spacer spacer-small\"><\/div>\n<p style=\"text-align: center;\"><img loading=\"lazy\" decoding=\"async\" class=\"alignnone size-full wp-image-305\" src=\"https:\/\/saga.ma\/wp-content\/uploads\/2018\/05\/rp-v2.jpg\" alt=\"\" width=\"100\" height=\"70\" \/><\/p>\n<h3 style=\"text-align: center;\">Public Relations<br \/>\nand Influencers<\/h3>\n<p style=\"text-align: justify;\">Online and offline Media as well as influencers are very high potential communication channels. Our media and influence strategy and management teams provide you with influence and media strategies specific to your needs, using the most innovative research &amp; monitoring tools.<\/p>\n<\/div><div  class=\"column one-third last-col\" >\n<p style=\"text-align: center;\"><img loading=\"lazy\" decoding=\"async\" class=\"alignnone size-full wp-image-304\" src=\"https:\/\/saga.ma\/wp-content\/uploads\/2018\/05\/media-v2.jpg\" alt=\"\" width=\"100\" height=\"70\" \/><\/p>\n<h3 style=\"text-align: center;\">Media<\/h3>\n<p style=\"text-align: justify;\">Creating a story only makes sense when someone is listening. We identify your audience, and develop the most suitable and impactful strategy. Our Media experts work everyday on building the strategy that best meets your needs.<\/p>\n<div class=\"spacer spacer-medium\"><\/div><div class=\"spacer spacer-small\"><\/div>\n<p style=\"text-align: center;\"><img loading=\"lazy\" decoding=\"async\" class=\"alignnone size-full wp-image-307\" src=\"https:\/\/saga.ma\/wp-content\/uploads\/2018\/05\/sn-v2.jpg\" alt=\"\" width=\"100\" height=\"70\" \/><\/p>\n<h3 style=\"text-align: center;\">Social media<br \/>\n&amp; Relationship Marketing<\/h3>\n<p style=\"text-align: justify;\">The future of communication is now, and the digital touchpoints are today part of the primary communication platforms. Social strategies, consumer and relationship marketing &amp; management represent a focal point in planning today, with digital creative and content development, as well as community management.<\/p>\n<\/div><\/div><\/div><div class=\"spacer spacer-big\"><\/div>","protected":false},"excerpt":{"rendered":"","protected":false},"author":1,"featured_media":0,"parent":0,"menu_order":0,"comment_status":"closed","ping_status":"closed","template":"","meta":{"footnotes":""},"_links":{"self":[{"href":"https:\/\/saga.ma\/en\/wp-json\/wp\/v2\/pages\/15"}],"collection":[{"href":"https:\/\/saga.ma\/en\/wp-json\/wp\/v2\/pages"}],"about":[{"href":"https:\/\/saga.ma\/en\/wp-json\/wp\/v2\/types\/page"}],"author":[{"embeddable":true,"href":"https:\/\/saga.ma\/en\/wp-json\/wp\/v2\/users\/1"}],"replies":[{"embeddable":true,"href":"https:\/\/saga.ma\/en\/wp-json\/wp\/v2\/comments?post=15"}],"version-history":[{"count":30,"href":"https:\/\/saga.ma\/en\/wp-json\/wp\/v2\/pages\/15\/revisions"}],"predecessor-version":[{"id":878,"href":"https:\/\/saga.ma\/en\/wp-json\/wp\/v2\/pages\/15\/revisions\/878"}],"wp:attachment":[{"href":"https:\/\/saga.ma\/en\/wp-json\/wp\/v2\/media?parent=15"}],"curies":[{"name":"wp","href":"https:\/\/api.w.org\/{rel}","templated":true}]}}