{"id":107,"date":"2016-07-25T07:47:48","date_gmt":"2016-07-25T07:47:48","guid":{"rendered":"http:\/\/www.spab-rice.com\/wordpress\/demo\/dani-demo\/?page_id=107"},"modified":"2019-07-06T15:37:20","modified_gmt":"2019-07-06T15:37:20","slug":"agence-saga-communication-old","status":"publish","type":"page","link":"https:\/\/saga.ma\/en\/agence-saga-communication-old\/","title":{"rendered":"Agence-old"},"content":{"rendered":"<div class=\"spacer spacer-big\"><\/div><div class=\"wrapper-small\"><div id=\"\" class=\"column-section clearfix spaced-normal\"><div  class=\"column one-half\" >\n<p style=\"text-align: justify;\">Since 1993, Saga Group has emerged as a key player in the national communication arena. It has been driven by a constant concern to serve its clients in the best way possible thanks to its pool of talents. Every day, around a hundred employees design and imagine innovative ideas and strategies.<br \/>\nLe mod\u00e8le de Saga a \u00e9t\u00e9 con\u00e7u de fa\u00e7on \u00e0 replacer les clients au c\u0153ur de son organisation, Tissant ainsi de vraies relations de partenariat avec eux. se mettant \u00e0 leur diapason et d\u00e9clinant leur culture \u00e0 travers des campagnes multicanal. les partenaires de Saga se voient offrir les solutions idoines en phase avec leurs besoins et objectifs.. Fort de ce savoir-faire diff\u00e9renciateur, le Groupe compte parmi ses clients des marques historiques.<\/p>\n<\/div><div  class=\"column one-half last-col\" >\n<p style=\"text-align: justify;\">To face market transformations, Saga has been able to constantly reinvent itself in order to accompany its client-partners in this new environment. New areas of expertise have been added to the range of services provided by the agency in  a market where brands are expecting integrated and relevant strategies.<br \/>\nLa voie que Saga a choisie depuis son lancement s&rsquo;est av\u00e9r\u00e9e pertinente, en t\u00e9moignent les r\u00e9sultats de ce travail de longue haleine, incarn\u00e9s, entre autres, par les nombreuses distinctions remport\u00e9es par le Groupe, et ce aussi bien au niveau local qu&rsquo;international.<\/p>\n<\/div><\/div><\/div><div class=\"spacer spacer-medium\"><\/div>","protected":false},"excerpt":{"rendered":"","protected":false},"author":1,"featured_media":0,"parent":0,"menu_order":0,"comment_status":"closed","ping_status":"closed","template":"","meta":{"footnotes":""},"_links":{"self":[{"href":"https:\/\/saga.ma\/en\/wp-json\/wp\/v2\/pages\/107"}],"collection":[{"href":"https:\/\/saga.ma\/en\/wp-json\/wp\/v2\/pages"}],"about":[{"href":"https:\/\/saga.ma\/en\/wp-json\/wp\/v2\/types\/page"}],"author":[{"embeddable":true,"href":"https:\/\/saga.ma\/en\/wp-json\/wp\/v2\/users\/1"}],"replies":[{"embeddable":true,"href":"https:\/\/saga.ma\/en\/wp-json\/wp\/v2\/comments?post=107"}],"version-history":[{"count":11,"href":"https:\/\/saga.ma\/en\/wp-json\/wp\/v2\/pages\/107\/revisions"}],"predecessor-version":[{"id":879,"href":"https:\/\/saga.ma\/en\/wp-json\/wp\/v2\/pages\/107\/revisions\/879"}],"wp:attachment":[{"href":"https:\/\/saga.ma\/en\/wp-json\/wp\/v2\/media?parent=107"}],"curies":[{"name":"wp","href":"https:\/\/api.w.org\/{rel}","templated":true}]}}